{"id":1752,"date":"2013-06-07T11:22:50","date_gmt":"2013-06-07T11:22:50","guid":{"rendered":"https:\/\/es-staging-store.exsn.net\/product\/plakat-wyslij-swoj-pomysl\/"},"modified":"2023-02-06T09:38:20","modified_gmt":"2023-02-06T09:38:20","slug":"plakat-wyslij-swoj-pomysl","status":"publish","type":"product","link":"https:\/\/es-staging-store.exsn.net\/pl\/produkt\/plakat-wyslij-swoj-pomysl\/","title":{"rendered":"Plakat wy\u015blij sw\u00f3j pomys\u0142"},"content":{"rendered":"","protected":false},"excerpt":{"rendered":"","protected":false},"featured_media":1661,"comment_status":"open","ping_status":"closed","template":"","meta":[],"product_cat":[105],"product_tag":[],"_links":{"self":[{"href":"https:\/\/es-staging-store.exsn.net\/pl\/wp-json\/wp\/v2\/product\/1752"}],"collection":[{"href":"https:\/\/es-staging-store.exsn.net\/pl\/wp-json\/wp\/v2\/product"}],"about":[{"href":"https:\/\/es-staging-store.exsn.net\/pl\/wp-json\/wp\/v2\/types\/product"}],"replies":[{"embeddable":true,"href":"https:\/\/es-staging-store.exsn.net\/pl\/wp-json\/wp\/v2\/comments?post=1752"}],"wp:featuredmedia":[{"embeddable":true,"href":"https:\/\/es-staging-store.exsn.net\/pl\/wp-json\/wp\/v2\/media\/1661"}],"wp:attachment":[{"href":"https:\/\/es-staging-store.exsn.net\/pl\/wp-json\/wp\/v2\/media?parent=1752"}],"wp:term":[{"taxonomy":"product_cat","embeddable":true,"href":"https:\/\/es-staging-store.exsn.net\/pl\/wp-json\/wp\/v2\/product_cat?post=1752"},{"taxonomy":"product_tag","embeddable":true,"href":"https:\/\/es-staging-store.exsn.net\/pl\/wp-json\/wp\/v2\/product_tag?post=1752"}],"curies":[{"name":"wp","href":"https:\/\/api.w.org\/{rel}","templated":true}]}}